{"id":101,"date":"2014-04-02T19:46:10","date_gmt":"2014-04-02T17:46:10","guid":{"rendered":"http:\/\/www.guggis-naturwerkstatt.at\/?page_id=101"},"modified":"2024-04-21T08:09:12","modified_gmt":"2024-04-21T06:09:12","slug":"unser-bauernhof","status":"publish","type":"page","link":"http:\/\/www.guggis-naturwerkstatt.at\/?page_id=101","title":{"rendered":"Unser Naturbauernhof"},"content":{"rendered":"<p>Zu unserem Bauernhof geh\u00f6ren ein paar Tiere, wie einige H\u00fchner, deren goldgelbe Eier wir sehr sch\u00e4tzen,\u00a0 unsere Katze \u201eKitty\u201c und zahlreiche andere Tiere wie auch unz\u00e4hlige Vogelarten, die auf unserem Hof br\u00fcten und leben.\u00a0 Die Tiere laufen frei in einem gro\u00dfen Bereich, der auch als Streuobstgarten genutzt wird, und dessen Fr\u00fcchte vor allem im Herbst zum Naschen, Ernten und Verarbeiten f\u00fcr leckere S\u00e4fte und Marmeladen einladen. Ein Gem\u00fcse- und Kr\u00e4utergarten darf nat\u00fcrlich auch nicht fehlen, sowie ein Gew\u00e4chshaus, das fast g\u00e4nzlich unserer Vorliebe f\u00fcr frische Tomaten dient. Au\u00dferdem pflanzen wir auch K\u00fcrbisse f\u00fcr unser eigenes K\u00fcrbiskern\u00f6l an.<\/p>\n<p>\u00a0<\/p>\n<p>Unsere T\u00f6chter Chiara und Katharina betreuen mit viel Engagement unseren Instagram-Kanal <strong>&#8222;guggisnaturwelt&#8220;<\/strong>, bei dem wir immer wieder einen kleinen Einblick in die Vielfalt unserer Naturwelt bieten.<\/p>\n\n\t\t<div id='gallery-2' class='gallery galleryid-101 gallery-columns-4 gallery-size-thumbnail gallery1'><script type=\"text\/javascript\">\r\n\/\/ <![CDATA[\r\n\tjQuery(document).ready(function () {\r\n\t\tjQuery(\".gallery1 a\").attr(\"rel\",\"gallery1\");\t\r\n\t\tjQuery('a[rel=\"gallery1\"]').colorbox({maxWidth:\"95%\", maxHeight:\"95%\",title: function(){ return jQuery(this).children().attr(\"alt\"); }, });\r\n\t});\r\n\/\/ ]]>\r\n<\/script>\n<figure class=\"gallery-item\">\n<div class=\"gallery-icon\">\r\n<a href=\"http:\/\/www.guggis-naturwerkstatt.at\/wordpress\/wp-content\/uploads\/2014\/06\/Damara-Sara-Hermine-Sascha...-300x200.jpg\" title=\"Kleine Vorstellungsrunde\" rel=\"gallery1\" target=\"_self\"><img src=\"http:\/\/www.guggis-naturwerkstatt.at\/wordpress\/wp-content\/uploads\/2014\/06\/Damara-Sara-Hermine-Sascha...-150x150.jpg\" width=\"150\" height=\"150\" alt=\"Kleine Vorstellungsrunde\" \/><\/a>\r\n<\/div><figcaption class=\"gallery-caption\" id=\"caption282\"><span class=\"imagecaption\">Kleine Vorstellungsrunde<\/span><br \/>\n<\/figcaption><\/figure><figure class=\"gallery-item\">\n<div class=\"gallery-icon\">\r\n<a href=\"http:\/\/www.guggis-naturwerkstatt.at\/wordpress\/wp-content\/uploads\/2014\/06\/Unsere-Schafe-mit-Nachwuchs-300x225.jpg\" title=\"Unsere Schafe mit Nachwuchs\" rel=\"gallery1\" target=\"_self\"><img src=\"http:\/\/www.guggis-naturwerkstatt.at\/wordpress\/wp-content\/uploads\/2014\/06\/Unsere-Schafe-mit-Nachwuchs-150x150.jpg\" width=\"150\" height=\"150\" alt=\"Unsere Schafe mit Nachwuchs\" \/><\/a>\r\n<\/div><figcaption class=\"gallery-caption\" id=\"caption280\"><span class=\"imagecaption\">Unsere Schafe mit Nachwuchs<\/span><br \/>\n<\/figcaption><\/figure><figure class=\"gallery-item\">\n<div class=\"gallery-icon\">\r\n<a href=\"http:\/\/www.guggis-naturwerkstatt.at\/wordpress\/wp-content\/uploads\/2014\/06\/Im-Gem\u00fcsegarten-225x300.jpg\" title=\"Im Gem\u00fcsegarten\" rel=\"gallery1\" target=\"_self\"><img src=\"http:\/\/www.guggis-naturwerkstatt.at\/wordpress\/wp-content\/uploads\/2014\/06\/Im-Gem\u00fcsegarten-150x150.jpg\" width=\"150\" height=\"150\" alt=\"Im Gem\u00fcsegarten\" \/><\/a>\r\n<\/div><figcaption class=\"gallery-caption\" id=\"caption281\"><span class=\"imagecaption\">Im Gem\u00fcsegarten<\/span><br \/>\n<\/figcaption><\/figure><figure class=\"gallery-item\">\n<div class=\"gallery-icon\">\r\n<a href=\"http:\/\/www.guggis-naturwerkstatt.at\/wordpress\/wp-content\/uploads\/2014\/06\/Bauer-Konny-auf-dem-Traktor-225x300.jpg\" title=\"Bauer Konny auf dem Traktor\" rel=\"gallery1\" target=\"_self\"><img src=\"http:\/\/www.guggis-naturwerkstatt.at\/wordpress\/wp-content\/uploads\/2014\/06\/Bauer-Konny-auf-dem-Traktor-150x150.jpg\" width=\"150\" height=\"150\" alt=\"Bauer Konny auf dem Traktor\" \/><\/a>\r\n<\/div><figcaption class=\"gallery-caption\" id=\"caption283\"><span class=\"imagecaption\">Bauer Konny auf dem Traktor<\/span><br \/>\n<\/figcaption><\/figure><figure class=\"gallery-item\">\n<div class=\"gallery-icon\">\r\n<a href=\"http:\/\/www.guggis-naturwerkstatt.at\/wordpress\/wp-content\/uploads\/2014\/07\/PICT0044-225x300.jpg\" title=\"Zwei junge Hausg\u00e4nse und zwei Smaragdenten\" rel=\"gallery1\" target=\"_self\"><img src=\"http:\/\/www.guggis-naturwerkstatt.at\/wordpress\/wp-content\/uploads\/2014\/07\/PICT0044-150x150.jpg\" width=\"150\" height=\"150\" alt=\"Zwei junge Hausg\u00e4nse und zwei Smaragdenten\" \/><\/a>\r\n<\/div><figcaption class=\"gallery-caption\" id=\"caption318\"><span class=\"imagecaption\">Zwei junge Hausg\u00e4nse und zwei Smaragdenten<\/span><br \/>\n<\/figcaption><\/figure><figure class=\"gallery-item\">\n<div class=\"gallery-icon\">\r\n<a href=\"http:\/\/www.guggis-naturwerkstatt.at\/wordpress\/wp-content\/uploads\/2014\/07\/PICT0028-300x225.jpg\" title=\"Unsere zwei freilaufenden Hasenm\u00e4nnchen\" rel=\"gallery1\" target=\"_self\"><img src=\"http:\/\/www.guggis-naturwerkstatt.at\/wordpress\/wp-content\/uploads\/2014\/07\/PICT0028-150x150.jpg\" width=\"150\" height=\"150\" alt=\"Unsere zwei freilaufenden Hasenm\u00e4nnchen\" \/><\/a>\r\n<\/div><figcaption class=\"gallery-caption\" id=\"caption316\"><span class=\"imagecaption\">Unsere zwei freilaufenden Hasenm\u00e4nnchen<\/span><br \/>\n<\/figcaption><\/figure><figure class=\"gallery-item\">\n<div class=\"gallery-icon\">\r\n<a href=\"http:\/\/www.guggis-naturwerkstatt.at\/wordpress\/wp-content\/uploads\/2014\/07\/PICT0029-300x225.jpg\" title=\"Wer auf dem Hof so alles lebt\" rel=\"gallery1\" target=\"_self\"><img src=\"http:\/\/www.guggis-naturwerkstatt.at\/wordpress\/wp-content\/uploads\/2014\/07\/PICT0029-150x150.jpg\" width=\"150\" height=\"150\" alt=\"Wer auf dem Hof so alles lebt\" \/><\/a>\r\n<\/div><figcaption class=\"gallery-caption\" id=\"caption315\"><span class=\"imagecaption\">Wer auf dem Hof so alles lebt<\/span><br \/>\n<\/figcaption><\/figure><figure class=\"gallery-item\">\n<div class=\"gallery-icon\">\r\n<a href=\"http:\/\/www.guggis-naturwerkstatt.at\/wordpress\/wp-content\/uploads\/2014\/07\/PICT0030-300x225.jpg\" title=\"Katharina hat keine Angst vor den gro\u00dfen, frisch geschorenen Schafen\" rel=\"gallery1\" target=\"_self\"><img src=\"http:\/\/www.guggis-naturwerkstatt.at\/wordpress\/wp-content\/uploads\/2014\/07\/PICT0030-150x150.jpg\" width=\"150\" height=\"150\" alt=\"Katharina hat keine Angst vor den gro\u00dfen, frisch geschorenen Schafen\" \/><\/a>\r\n<\/div><figcaption class=\"gallery-caption\" id=\"caption314\"><span class=\"imagecaption\">Katharina hat keine Angst vor den gro\u00dfen, frisch geschorenen Schafen<\/span><br \/>\n<\/figcaption><\/figure>\r\n\t\t<\/div>\n\n\n\n<figure class=\"wp-block-image size-large\"><a href=\"http:\/\/www.guggis-naturwerkstatt.at\/wordpress\/wp-content\/uploads\/2023\/09\/WhatsApp-Bild-2023-09-04-um-05.36.21.jpg\"><img loading=\"lazy\" width=\"1024\" height=\"768\" src=\"http:\/\/www.guggis-naturwerkstatt.at\/wordpress\/wp-content\/uploads\/2023\/09\/WhatsApp-Bild-2023-09-04-um-05.36.21-1024x768.jpg\" alt=\"\" class=\"wp-image-1091\" srcset=\"http:\/\/www.guggis-naturwerkstatt.at\/wordpress\/wp-content\/uploads\/2023\/09\/WhatsApp-Bild-2023-09-04-um-05.36.21-1024x768.jpg 1024w, http:\/\/www.guggis-naturwerkstatt.at\/wordpress\/wp-content\/uploads\/2023\/09\/WhatsApp-Bild-2023-09-04-um-05.36.21-300x225.jpg 300w, http:\/\/www.guggis-naturwerkstatt.at\/wordpress\/wp-content\/uploads\/2023\/09\/WhatsApp-Bild-2023-09-04-um-05.36.21-768x576.jpg 768w, http:\/\/www.guggis-naturwerkstatt.at\/wordpress\/wp-content\/uploads\/2023\/09\/WhatsApp-Bild-2023-09-04-um-05.36.21-1536x1152.jpg 1536w, http:\/\/www.guggis-naturwerkstatt.at\/wordpress\/wp-content\/uploads\/2023\/09\/WhatsApp-Bild-2023-09-04-um-05.36.21-100x75.jpg 100w, http:\/\/www.guggis-naturwerkstatt.at\/wordpress\/wp-content\/uploads\/2023\/09\/WhatsApp-Bild-2023-09-04-um-05.36.21-150x113.jpg 150w, http:\/\/www.guggis-naturwerkstatt.at\/wordpress\/wp-content\/uploads\/2023\/09\/WhatsApp-Bild-2023-09-04-um-05.36.21-200x150.jpg 200w, http:\/\/www.guggis-naturwerkstatt.at\/wordpress\/wp-content\/uploads\/2023\/09\/WhatsApp-Bild-2023-09-04-um-05.36.21-450x338.jpg 450w, http:\/\/www.guggis-naturwerkstatt.at\/wordpress\/wp-content\/uploads\/2023\/09\/WhatsApp-Bild-2023-09-04-um-05.36.21-600x450.jpg 600w, http:\/\/www.guggis-naturwerkstatt.at\/wordpress\/wp-content\/uploads\/2023\/09\/WhatsApp-Bild-2023-09-04-um-05.36.21-900x675.jpg 900w, http:\/\/www.guggis-naturwerkstatt.at\/wordpress\/wp-content\/uploads\/2023\/09\/WhatsApp-Bild-2023-09-04-um-05.36.21.jpg 1600w\" sizes=\"(max-width: 1024px) 100vw, 1024px\" \/><\/a><figcaption>Frisch gepflanzte Tomaten und vieles mehr<\/figcaption><\/figure>\n\n\n\n<figure class=\"wp-block-image size-large\"><a href=\"http:\/\/www.guggis-naturwerkstatt.at\/wordpress\/wp-content\/uploads\/2023\/09\/Blick-zum-Gewaechshaus.jpg\"><img loading=\"lazy\" width=\"768\" height=\"1024\" src=\"http:\/\/www.guggis-naturwerkstatt.at\/wordpress\/wp-content\/uploads\/2023\/09\/Blick-zum-Gewaechshaus-768x1024.jpg\" alt=\"\" class=\"wp-image-1093\" srcset=\"http:\/\/www.guggis-naturwerkstatt.at\/wordpress\/wp-content\/uploads\/2023\/09\/Blick-zum-Gewaechshaus-768x1024.jpg 768w, http:\/\/www.guggis-naturwerkstatt.at\/wordpress\/wp-content\/uploads\/2023\/09\/Blick-zum-Gewaechshaus-225x300.jpg 225w, http:\/\/www.guggis-naturwerkstatt.at\/wordpress\/wp-content\/uploads\/2023\/09\/Blick-zum-Gewaechshaus-1152x1536.jpg 1152w, http:\/\/www.guggis-naturwerkstatt.at\/wordpress\/wp-content\/uploads\/2023\/09\/Blick-zum-Gewaechshaus-100x133.jpg 100w, http:\/\/www.guggis-naturwerkstatt.at\/wordpress\/wp-content\/uploads\/2023\/09\/Blick-zum-Gewaechshaus-150x200.jpg 150w, http:\/\/www.guggis-naturwerkstatt.at\/wordpress\/wp-content\/uploads\/2023\/09\/Blick-zum-Gewaechshaus-200x267.jpg 200w, http:\/\/www.guggis-naturwerkstatt.at\/wordpress\/wp-content\/uploads\/2023\/09\/Blick-zum-Gewaechshaus-300x400.jpg 300w, http:\/\/www.guggis-naturwerkstatt.at\/wordpress\/wp-content\/uploads\/2023\/09\/Blick-zum-Gewaechshaus-450x600.jpg 450w, http:\/\/www.guggis-naturwerkstatt.at\/wordpress\/wp-content\/uploads\/2023\/09\/Blick-zum-Gewaechshaus-600x800.jpg 600w, http:\/\/www.guggis-naturwerkstatt.at\/wordpress\/wp-content\/uploads\/2023\/09\/Blick-zum-Gewaechshaus-900x1200.jpg 900w, http:\/\/www.guggis-naturwerkstatt.at\/wordpress\/wp-content\/uploads\/2023\/09\/Blick-zum-Gewaechshaus.jpg 1200w\" sizes=\"(max-width: 768px) 100vw, 768px\" \/><\/a><figcaption>Blick zum Gew\u00e4chshaus<\/figcaption><\/figure>\n\n\n\n<figure class=\"wp-block-image size-large\"><a href=\"http:\/\/www.guggis-naturwerkstatt.at\/wordpress\/wp-content\/uploads\/2023\/09\/Indianerbananen.jpg\"><img loading=\"lazy\" width=\"768\" height=\"1024\" src=\"http:\/\/www.guggis-naturwerkstatt.at\/wordpress\/wp-content\/uploads\/2023\/09\/Indianerbananen-768x1024.jpg\" alt=\"\" class=\"wp-image-1096\" srcset=\"http:\/\/www.guggis-naturwerkstatt.at\/wordpress\/wp-content\/uploads\/2023\/09\/Indianerbananen-768x1024.jpg 768w, http:\/\/www.guggis-naturwerkstatt.at\/wordpress\/wp-content\/uploads\/2023\/09\/Indianerbananen-225x300.jpg 225w, http:\/\/www.guggis-naturwerkstatt.at\/wordpress\/wp-content\/uploads\/2023\/09\/Indianerbananen-1152x1536.jpg 1152w, http:\/\/www.guggis-naturwerkstatt.at\/wordpress\/wp-content\/uploads\/2023\/09\/Indianerbananen-100x133.jpg 100w, http:\/\/www.guggis-naturwerkstatt.at\/wordpress\/wp-content\/uploads\/2023\/09\/Indianerbananen-150x200.jpg 150w, http:\/\/www.guggis-naturwerkstatt.at\/wordpress\/wp-content\/uploads\/2023\/09\/Indianerbananen-200x267.jpg 200w, http:\/\/www.guggis-naturwerkstatt.at\/wordpress\/wp-content\/uploads\/2023\/09\/Indianerbananen-300x400.jpg 300w, http:\/\/www.guggis-naturwerkstatt.at\/wordpress\/wp-content\/uploads\/2023\/09\/Indianerbananen-450x600.jpg 450w, http:\/\/www.guggis-naturwerkstatt.at\/wordpress\/wp-content\/uploads\/2023\/09\/Indianerbananen-600x800.jpg 600w, http:\/\/www.guggis-naturwerkstatt.at\/wordpress\/wp-content\/uploads\/2023\/09\/Indianerbananen-900x1200.jpg 900w, http:\/\/www.guggis-naturwerkstatt.at\/wordpress\/wp-content\/uploads\/2023\/09\/Indianerbananen.jpg 1200w\" sizes=\"(max-width: 768px) 100vw, 768px\" \/><\/a><figcaption>Selbst gezogene Indianerbananen<\/figcaption><\/figure>\n\n\n\n<figure class=\"wp-block-image size-large\"><a href=\"http:\/\/www.guggis-naturwerkstatt.at\/wordpress\/wp-content\/uploads\/2023\/09\/Bei-der-Heuernte.jpg\"><img loading=\"lazy\" width=\"1024\" height=\"768\" src=\"http:\/\/www.guggis-naturwerkstatt.at\/wordpress\/wp-content\/uploads\/2023\/09\/Bei-der-Heuernte-1024x768.jpg\" alt=\"\" class=\"wp-image-1092\" srcset=\"http:\/\/www.guggis-naturwerkstatt.at\/wordpress\/wp-content\/uploads\/2023\/09\/Bei-der-Heuernte-1024x768.jpg 1024w, http:\/\/www.guggis-naturwerkstatt.at\/wordpress\/wp-content\/uploads\/2023\/09\/Bei-der-Heuernte-300x225.jpg 300w, http:\/\/www.guggis-naturwerkstatt.at\/wordpress\/wp-content\/uploads\/2023\/09\/Bei-der-Heuernte-768x576.jpg 768w, http:\/\/www.guggis-naturwerkstatt.at\/wordpress\/wp-content\/uploads\/2023\/09\/Bei-der-Heuernte-1536x1152.jpg 1536w, http:\/\/www.guggis-naturwerkstatt.at\/wordpress\/wp-content\/uploads\/2023\/09\/Bei-der-Heuernte-100x75.jpg 100w, http:\/\/www.guggis-naturwerkstatt.at\/wordpress\/wp-content\/uploads\/2023\/09\/Bei-der-Heuernte-150x113.jpg 150w, http:\/\/www.guggis-naturwerkstatt.at\/wordpress\/wp-content\/uploads\/2023\/09\/Bei-der-Heuernte-200x150.jpg 200w, http:\/\/www.guggis-naturwerkstatt.at\/wordpress\/wp-content\/uploads\/2023\/09\/Bei-der-Heuernte-450x338.jpg 450w, http:\/\/www.guggis-naturwerkstatt.at\/wordpress\/wp-content\/uploads\/2023\/09\/Bei-der-Heuernte-600x450.jpg 600w, http:\/\/www.guggis-naturwerkstatt.at\/wordpress\/wp-content\/uploads\/2023\/09\/Bei-der-Heuernte-900x675.jpg 900w, http:\/\/www.guggis-naturwerkstatt.at\/wordpress\/wp-content\/uploads\/2023\/09\/Bei-der-Heuernte.jpg 1600w\" sizes=\"(max-width: 1024px) 100vw, 1024px\" \/><\/a><figcaption>Bei der Heuernte auf dem eigenen Hof<\/figcaption><\/figure>\n\n\n\n<figure class=\"wp-block-image size-large\"><a href=\"http:\/\/www.guggis-naturwerkstatt.at\/wordpress\/wp-content\/uploads\/2023\/09\/Rosen-im-Heu.jpg\"><img loading=\"lazy\" width=\"1024\" height=\"768\" src=\"http:\/\/www.guggis-naturwerkstatt.at\/wordpress\/wp-content\/uploads\/2023\/09\/Rosen-im-Heu-1024x768.jpg\" alt=\"\" class=\"wp-image-1098\" srcset=\"http:\/\/www.guggis-naturwerkstatt.at\/wordpress\/wp-content\/uploads\/2023\/09\/Rosen-im-Heu-1024x768.jpg 1024w, http:\/\/www.guggis-naturwerkstatt.at\/wordpress\/wp-content\/uploads\/2023\/09\/Rosen-im-Heu-300x225.jpg 300w, http:\/\/www.guggis-naturwerkstatt.at\/wordpress\/wp-content\/uploads\/2023\/09\/Rosen-im-Heu-768x576.jpg 768w, http:\/\/www.guggis-naturwerkstatt.at\/wordpress\/wp-content\/uploads\/2023\/09\/Rosen-im-Heu-1536x1152.jpg 1536w, http:\/\/www.guggis-naturwerkstatt.at\/wordpress\/wp-content\/uploads\/2023\/09\/Rosen-im-Heu-100x75.jpg 100w, http:\/\/www.guggis-naturwerkstatt.at\/wordpress\/wp-content\/uploads\/2023\/09\/Rosen-im-Heu-150x113.jpg 150w, http:\/\/www.guggis-naturwerkstatt.at\/wordpress\/wp-content\/uploads\/2023\/09\/Rosen-im-Heu-200x150.jpg 200w, http:\/\/www.guggis-naturwerkstatt.at\/wordpress\/wp-content\/uploads\/2023\/09\/Rosen-im-Heu-450x338.jpg 450w, http:\/\/www.guggis-naturwerkstatt.at\/wordpress\/wp-content\/uploads\/2023\/09\/Rosen-im-Heu-600x450.jpg 600w, http:\/\/www.guggis-naturwerkstatt.at\/wordpress\/wp-content\/uploads\/2023\/09\/Rosen-im-Heu-900x675.jpg 900w, http:\/\/www.guggis-naturwerkstatt.at\/wordpress\/wp-content\/uploads\/2023\/09\/Rosen-im-Heu.jpg 1600w\" sizes=\"(max-width: 1024px) 100vw, 1024px\" \/><\/a><\/figure>\n\n\n\n<figure class=\"wp-block-image size-large\"><a href=\"http:\/\/www.guggis-naturwerkstatt.at\/wordpress\/wp-content\/uploads\/2023\/09\/Henne-mit-Kueken.jpg\"><img loading=\"lazy\" width=\"799\" height=\"1067\" src=\"http:\/\/www.guggis-naturwerkstatt.at\/wordpress\/wp-content\/uploads\/2023\/09\/Henne-mit-Kueken-edited.jpg\" alt=\"\" class=\"wp-image-1099\" srcset=\"http:\/\/www.guggis-naturwerkstatt.at\/wordpress\/wp-content\/uploads\/2023\/09\/Henne-mit-Kueken-edited.jpg 799w, http:\/\/www.guggis-naturwerkstatt.at\/wordpress\/wp-content\/uploads\/2023\/09\/Henne-mit-Kueken-edited-225x300.jpg 225w, http:\/\/www.guggis-naturwerkstatt.at\/wordpress\/wp-content\/uploads\/2023\/09\/Henne-mit-Kueken-edited-767x1024.jpg 767w, http:\/\/www.guggis-naturwerkstatt.at\/wordpress\/wp-content\/uploads\/2023\/09\/Henne-mit-Kueken-edited-768x1026.jpg 768w, http:\/\/www.guggis-naturwerkstatt.at\/wordpress\/wp-content\/uploads\/2023\/09\/Henne-mit-Kueken-edited-100x134.jpg 100w, http:\/\/www.guggis-naturwerkstatt.at\/wordpress\/wp-content\/uploads\/2023\/09\/Henne-mit-Kueken-edited-150x200.jpg 150w, http:\/\/www.guggis-naturwerkstatt.at\/wordpress\/wp-content\/uploads\/2023\/09\/Henne-mit-Kueken-edited-200x267.jpg 200w, http:\/\/www.guggis-naturwerkstatt.at\/wordpress\/wp-content\/uploads\/2023\/09\/Henne-mit-Kueken-edited-300x401.jpg 300w, http:\/\/www.guggis-naturwerkstatt.at\/wordpress\/wp-content\/uploads\/2023\/09\/Henne-mit-Kueken-edited-450x601.jpg 450w, http:\/\/www.guggis-naturwerkstatt.at\/wordpress\/wp-content\/uploads\/2023\/09\/Henne-mit-Kueken-edited-600x801.jpg 600w\" sizes=\"(max-width: 799px) 100vw, 799px\" \/><\/a><figcaption>Unsere Henne mit K\u00fcken<\/figcaption><\/figure>\n\n\n\n<figure class=\"wp-block-image size-large\"><a href=\"http:\/\/www.guggis-naturwerkstatt.at\/wordpress\/wp-content\/uploads\/2023\/09\/Huehner-mit-Freilauf.jpg\"><img loading=\"lazy\" width=\"1024\" height=\"768\" src=\"http:\/\/www.guggis-naturwerkstatt.at\/wordpress\/wp-content\/uploads\/2023\/09\/Huehner-mit-Freilauf-1024x768.jpg\" alt=\"\" class=\"wp-image-1095\" srcset=\"http:\/\/www.guggis-naturwerkstatt.at\/wordpress\/wp-content\/uploads\/2023\/09\/Huehner-mit-Freilauf-1024x768.jpg 1024w, http:\/\/www.guggis-naturwerkstatt.at\/wordpress\/wp-content\/uploads\/2023\/09\/Huehner-mit-Freilauf-300x225.jpg 300w, http:\/\/www.guggis-naturwerkstatt.at\/wordpress\/wp-content\/uploads\/2023\/09\/Huehner-mit-Freilauf-768x576.jpg 768w, http:\/\/www.guggis-naturwerkstatt.at\/wordpress\/wp-content\/uploads\/2023\/09\/Huehner-mit-Freilauf-1536x1152.jpg 1536w, http:\/\/www.guggis-naturwerkstatt.at\/wordpress\/wp-content\/uploads\/2023\/09\/Huehner-mit-Freilauf-100x75.jpg 100w, http:\/\/www.guggis-naturwerkstatt.at\/wordpress\/wp-content\/uploads\/2023\/09\/Huehner-mit-Freilauf-150x113.jpg 150w, http:\/\/www.guggis-naturwerkstatt.at\/wordpress\/wp-content\/uploads\/2023\/09\/Huehner-mit-Freilauf-200x150.jpg 200w, http:\/\/www.guggis-naturwerkstatt.at\/wordpress\/wp-content\/uploads\/2023\/09\/Huehner-mit-Freilauf-450x338.jpg 450w, http:\/\/www.guggis-naturwerkstatt.at\/wordpress\/wp-content\/uploads\/2023\/09\/Huehner-mit-Freilauf-600x450.jpg 600w, http:\/\/www.guggis-naturwerkstatt.at\/wordpress\/wp-content\/uploads\/2023\/09\/Huehner-mit-Freilauf-900x675.jpg 900w, http:\/\/www.guggis-naturwerkstatt.at\/wordpress\/wp-content\/uploads\/2023\/09\/Huehner-mit-Freilauf.jpg 1600w\" sizes=\"(max-width: 1024px) 100vw, 1024px\" \/><\/a><figcaption>Unsere H\u00fchner genie\u00dfen ihre Freiheit<\/figcaption><\/figure>\n\n\n\n<p><\/p>\n","protected":false},"excerpt":{"rendered":"<p>Zu unserem Bauernhof geh\u00f6ren ein paar Tiere, wie einige H\u00fchner, deren goldgelbe Eier wir sehr sch\u00e4tzen,\u00a0 unsere Katze \u201eKitty\u201c und zahlreiche andere Tiere wie auch unz\u00e4hlige Vogelarten, die auf unserem Hof br\u00fcten und leben.\u00a0 Die Tiere laufen frei in einem &hellip;<\/p>\n<p class=\"read-more\"> <a class=\"more-link\" href=\"http:\/\/www.guggis-naturwerkstatt.at\/?page_id=101\"> <span class=\"screen-reader-text\">Unser Naturbauernhof<\/span> Read More &raquo;<\/a><\/p>\n","protected":false},"author":1,"featured_media":0,"parent":0,"menu_order":0,"comment_status":"closed","ping_status":"open","template":"","meta":[],"_links":{"self":[{"href":"http:\/\/www.guggis-naturwerkstatt.at\/index.php?rest_route=\/wp\/v2\/pages\/101"}],"collection":[{"href":"http:\/\/www.guggis-naturwerkstatt.at\/index.php?rest_route=\/wp\/v2\/pages"}],"about":[{"href":"http:\/\/www.guggis-naturwerkstatt.at\/index.php?rest_route=\/wp\/v2\/types\/page"}],"author":[{"embeddable":true,"href":"http:\/\/www.guggis-naturwerkstatt.at\/index.php?rest_route=\/wp\/v2\/users\/1"}],"replies":[{"embeddable":true,"href":"http:\/\/www.guggis-naturwerkstatt.at\/index.php?rest_route=%2Fwp%2Fv2%2Fcomments&post=101"}],"version-history":[{"count":8,"href":"http:\/\/www.guggis-naturwerkstatt.at\/index.php?rest_route=\/wp\/v2\/pages\/101\/revisions"}],"predecessor-version":[{"id":1258,"href":"http:\/\/www.guggis-naturwerkstatt.at\/index.php?rest_route=\/wp\/v2\/pages\/101\/revisions\/1258"}],"wp:attachment":[{"href":"http:\/\/www.guggis-naturwerkstatt.at\/index.php?rest_route=%2Fwp%2Fv2%2Fmedia&parent=101"}],"curies":[{"name":"wp","href":"https:\/\/api.w.org\/{rel}","templated":true}]}}